{"id":257,"date":"2023-06-19T13:37:45","date_gmt":"2023-06-19T13:37:45","guid":{"rendered":"https:\/\/internal-links-manager.com\/?page_id=257"},"modified":"2025-09-23T12:07:30","modified_gmt":"2025-09-23T12:07:30","slug":"contact","status":"publish","type":"page","link":"https:\/\/internal-links-manager.com\/fr\/contact\/","title":{"rendered":"Contact"},"content":{"rendered":"<div data-elementor-type=\"wp-page\" data-elementor-id=\"257\" class=\"elementor elementor-257\" data-elementor-post-type=\"page\">\n\t\t\t\t\t\t<section class=\"elementor-section elementor-top-section elementor-element elementor-element-8ab7e1a elementor-section-height-min-height elementor-section-items-top elementor-section-boxed elementor-section-height-default\" data-id=\"8ab7e1a\" data-element_type=\"section\" data-e-type=\"section\" data-settings=\"{&quot;background_background&quot;:&quot;classic&quot;}\">\n\t\t\t\t\t\t<div class=\"elementor-container elementor-column-gap-default\">\n\t\t\t\t\t<div class=\"elementor-column elementor-col-100 elementor-top-column elementor-element elementor-element-5d38a1d4\" data-id=\"5d38a1d4\" data-element_type=\"column\" data-e-type=\"column\">\n\t\t\t<div class=\"elementor-widget-wrap elementor-element-populated\">\n\t\t\t\t\t\t<div class=\"elementor-element elementor-element-633dc367 elementor-widget elementor-widget-bdt-advanced-heading\" data-id=\"633dc367\" data-element_type=\"widget\" data-e-type=\"widget\" data-widget_type=\"bdt-advanced-heading.default\">\n\t\t\t\t<div class=\"elementor-widget-container\">\n\t\t\t\t\t<div id =\"633dc367\" class=\"bdt-ep-advanced-heading\" data-settings=\"{&quot;titleMultiColor&quot;:&quot;no&quot;}\"><div class=\"bdt-ep-advanced-heading-sub-title\"><div class=\"bdt-ep-advanced-heading-sub-title-content\">Vous vous sentez un peu perdu ou vous avez des questions ?<\/div><\/div> <h2 class=\"bdt-ep-advanced-heading-title\"><span class=\"bdt-ep-advanced-heading-main-title\"><span class=\"bdt-ep-advanced-heading-main-title-inner\">Laissez-nous vous aider !<\/span><\/span><\/h2><\/div>\t\t\t\t<\/div>\n\t\t\t\t<\/div>\n\t\t\t\t<div class=\"elementor-element elementor-element-d0ad296 elementor-widget elementor-widget-text-editor\" data-id=\"d0ad296\" data-element_type=\"widget\" data-e-type=\"widget\" data-widget_type=\"text-editor.default\">\n\t\t\t\t<div class=\"elementor-widget-container\">\n\t\t\t\t\t\t\t\t\t<p style=\"text-align: center;\"><span style=\"font-weight: 400;\">Si vous avez une question sur nos produits, si vous avez besoin d'aide si quelque chose ne fonctionne pas correctement ou si vous souhaitez simplement nous contacter, vous pouvez le faire de plusieurs mani\u00e8res.\u00a0<\/span><\/p><p style=\"text-align: center;\"><span style=\"font-weight: 400;\">N'h\u00e9sitez pas \u00e0 nous envoyer un courriel. Nous vous r\u00e9pondrons dans les plus brefs d\u00e9lais.<\/span><\/p>\t\t\t\t\t\t\t\t<\/div>\n\t\t\t\t<\/div>\n\t\t\t\t\t<\/div>\n\t\t<\/div>\n\t\t\t\t\t<\/div>\n\t\t<\/section>\n\t\t\t\t<section class=\"elementor-section elementor-top-section elementor-element elementor-element-88ee3af elementor-section-boxed elementor-section-height-default elementor-section-height-default\" data-id=\"88ee3af\" data-element_type=\"section\" data-e-type=\"section\">\n\t\t\t\t\t\t<div class=\"elementor-container elementor-column-gap-default\">\n\t\t\t\t\t<div class=\"elementor-column elementor-col-100 elementor-top-column elementor-element elementor-element-42ccd8b\" data-id=\"42ccd8b\" data-element_type=\"column\" data-e-type=\"column\">\n\t\t\t<div class=\"elementor-widget-wrap elementor-element-populated\">\n\t\t\t\t\t\t<div class=\"elementor-element elementor-element-713d2b8 elementor-widget elementor-widget-bdt-contact-form\" data-id=\"713d2b8\" data-element_type=\"widget\" data-e-type=\"widget\" data-widget_type=\"bdt-contact-form.default\">\n\t\t\t\t<div class=\"elementor-widget-container\">\n\t\t\t\t\t\t\t<div class=\"bdt-contact-form bdt-contact-form-skin-default\">\n\t\t\t<div class=\"elementor-form-fields-wrapper\">\n\t\t\t\t\t\t<div class=\"bdt-contact-form-wrapper\">\n\t\t\t<form class=\"bdt-contact-form-form bdt-form-stacked bdt-grid bdt-grid-small without-recaptcha\" data-bdt-grid=\"\" action=\"https:\/\/internal-links-manager.com\/wp-admin\/admin-ajax.php\" method=\"post\">\n\n\t\t\t\t\n\t\t\t\t\t<div class=\"bdt-field-group elementor-field-required bdt-width-1-1\">\n\t\t\t\t\t\t<label for=\"user_name713d2b8\" class=\"bdt-form-label\">Name*<\/label><div class=\"bdt-form-controls\"><input type=\"text\" name=\"name\" id=\"user_name713d2b8\" placeholder=\"Your Name\" class=\"bdt-input bdt-form-default\" required =\"required\"><\/div>\t\t\t\t\t<\/div>\n\n\t\t\t\t\t<div class=\"bdt-field-group elementor-field-required bdt-width-1-1\">\n\t\t\t\t\t\t<label for=\"email713d2b8\" class=\"bdt-form-label\">Email*<\/label><div class=\"bdt-form-controls\"><input type=\"email\" name=\"email\" id=\"email713d2b8\" placeholder=\"example@email.com\" class=\"bdt-input bdt-form-default\" required=\"required\"><\/div>\t\t\t\t\t<\/div>\n\n\t\t\t\t\t\n\t\t\t\t\t\t\t\t\t\t\t<div class=\"bdt-field-group bdt-width-1-1 elementor-field-required\">\n\t\t\t\t\t\t\t<label for=\"subject713d2b8\" class=\"bdt-form-label\">Subject*<\/label><div class=\"bdt-form-controls\"><input type=\"text\" name=\"subject\" id=\"subject713d2b8\" placeholder=\"Your Message Subject\" class=\"bdt-input bdt-form-default\" required=\"required\"><\/div>\t\t\t\t\t\t<\/div>\n\t\t\t\t\t\n\t\t\t\t\t\n\t\t\t\t\t\t\t\t\t\t\t<div class=\"bdt-field-group bdt-width-1-1 elementor-field-required\">\n\t\t\t\t\t\t\t<label for=\"message713d2b8\" class=\"bdt-form-label\">Your Message*<\/label><div class=\"bdt-form-controls\"><textarea name=\"message\" id=\"message713d2b8\" rows=\"5\" placeholder=\"Your Message Here\" class=\"bdt-textarea bdt-form-default\" required=\"required\"><\/textarea><\/div>\t\t\t\t\t\t<\/div>\n\t\t\t\t\t\n\t\t\t\t\t\n\n\t\t\t\t\t\n\t\t\t\t\t\n\t\t\t\t\t<input type=\"hidden\" class=\"widget_id\" name=\"widget_id\" value=\"713d2b8\" \/>\n\t\t\t\t\t<input type=\"hidden\" name=\"bdt-sf-713d2b8\" value=\"true\" \/>\n\t\t\t\t\t<input type=\"hidden\" class=\"page_id\" name=\"page_id\" value=\"257\" \/>\n\n\t\t\t\t\t<div class=\"elementor-field-type-submit bdt-field-group bdt-flex bdt-width-1-1\">\n\t\t\t\t\t\t<button type=\"submit\" class=\"elementor-button bdt-button bdt-button-primary\" name=\"submit\">\n\t\t\t\t\t\t\t\t\t\t\t\t\t\t\t<span>Envoyer un message<\/span>\n\t\t\t\t\t\t\t\t\t\t\t\t\t<\/button>\n\t\t\t\t\t<\/div>\n\n\t\t\t\t\t<input name=\"_wpnonce\" value=\"41b484b88d\" type=\"hidden\">\n\n\t\t\t\t\t<input type=\"hidden\" name=\"action\" value=\"element_pack_contact_form\" \/>\n\n\t\t\t\t\t\n\t\t\t<\/form>\n\t\t<\/div>\n\t\t\t<\/div>\n\t\t<\/div>\n\t\t\t\t\t<\/div>\n\t\t\t\t<\/div>\n\t\t\t\t\t<\/div>\n\t\t<\/div>\n\t\t\t\t\t<\/div>\n\t\t<\/section>\n\t\t\t\t<section class=\"elementor-section elementor-top-section elementor-element elementor-element-98514c6 elementor-section-boxed elementor-section-height-default elementor-section-height-default\" data-id=\"98514c6\" data-element_type=\"section\" data-e-type=\"section\">\n\t\t\t\t\t\t<div class=\"elementor-container elementor-column-gap-default\">\n\t\t\t\t\t<div class=\"elementor-column elementor-col-100 elementor-top-column elementor-element elementor-element-b9c5a47\" data-id=\"b9c5a47\" data-element_type=\"column\" data-e-type=\"column\">\n\t\t\t<div class=\"elementor-widget-wrap\">\n\t\t\t\t\t\t\t<\/div>\n\t\t<\/div>\n\t\t\t\t\t<\/div>\n\t\t<\/section>\n\t\t\t\t<\/div>","protected":false},"excerpt":{"rendered":"<p>Are you feeling a bit lost or do you have any questions? Let us help you! If you have a question about our products, need help if something isn\u2019t working right, or just want to contact us, there are several ways to get in touch.\u00a0 Feel free to send us an email. We will get [&hellip;]<\/p>\n","protected":false},"author":1,"featured_media":0,"parent":0,"menu_order":0,"comment_status":"closed","ping_status":"closed","template":"","meta":{"footnotes":""},"class_list":["post-257","page","type-page","status-publish","hentry"],"_links":{"self":[{"href":"https:\/\/internal-links-manager.com\/fr\/wp-json\/wp\/v2\/pages\/257","targetHints":{"allow":["GET"]}}],"collection":[{"href":"https:\/\/internal-links-manager.com\/fr\/wp-json\/wp\/v2\/pages"}],"about":[{"href":"https:\/\/internal-links-manager.com\/fr\/wp-json\/wp\/v2\/types\/page"}],"author":[{"embeddable":true,"href":"https:\/\/internal-links-manager.com\/fr\/wp-json\/wp\/v2\/users\/1"}],"replies":[{"embeddable":true,"href":"https:\/\/internal-links-manager.com\/fr\/wp-json\/wp\/v2\/comments?post=257"}],"version-history":[{"count":35,"href":"https:\/\/internal-links-manager.com\/fr\/wp-json\/wp\/v2\/pages\/257\/revisions"}],"predecessor-version":[{"id":1483,"href":"https:\/\/internal-links-manager.com\/fr\/wp-json\/wp\/v2\/pages\/257\/revisions\/1483"}],"wp:attachment":[{"href":"https:\/\/internal-links-manager.com\/fr\/wp-json\/wp\/v2\/media?parent=257"}],"curies":[{"name":"wp","href":"https:\/\/api.w.org\/{rel}","templated":true}]}}