{"id":1436,"date":"2025-09-23T12:26:07","date_gmt":"2025-09-23T12:26:07","guid":{"rendered":"https:\/\/internal-links-manager.com\/?page_id=1436"},"modified":"2025-11-05T08:08:21","modified_gmt":"2025-11-05T08:08:21","slug":"affilate-program","status":"publish","type":"page","link":"https:\/\/internal-links-manager.com\/de\/affilate-program\/","title":{"rendered":"Affilate Program"},"content":{"rendered":"<div data-elementor-type=\"wp-page\" data-elementor-id=\"1436\" class=\"elementor elementor-1436\" data-elementor-post-type=\"page\">\n\t\t\t\t\t\t<section class=\"elementor-section elementor-top-section elementor-element elementor-element-2ebd8ec elementor-section-boxed elementor-section-height-default elementor-section-height-default\" data-id=\"2ebd8ec\" data-element_type=\"section\" data-e-type=\"section\">\n\t\t\t\t\t\t<div class=\"elementor-container elementor-column-gap-default\">\n\t\t\t\t\t<div class=\"elementor-column elementor-col-100 elementor-top-column elementor-element elementor-element-a8cdf3f\" data-id=\"a8cdf3f\" data-element_type=\"column\" data-e-type=\"column\">\n\t\t\t<div class=\"elementor-widget-wrap elementor-element-populated\">\n\t\t\t\t\t\t<div class=\"elementor-element elementor-element-4792e90 elementor-widget elementor-widget-heading\" data-id=\"4792e90\" data-element_type=\"widget\" data-e-type=\"widget\" data-widget_type=\"heading.default\">\n\t\t\t\t<div class=\"elementor-widget-container\">\n\t\t\t\t\t<h2 class=\"elementor-heading-title elementor-size-default\">Werde Teil unseres Affiliate Programms<\/h2>\t\t\t\t<\/div>\n\t\t\t\t<\/div>\n\t\t\t\t\t<\/div>\n\t\t<\/div>\n\t\t\t\t\t<\/div>\n\t\t<\/section>\n\t\t\t\t<section class=\"elementor-section elementor-top-section elementor-element elementor-element-392f8ac elementor-section-boxed elementor-section-height-default elementor-section-height-default\" data-id=\"392f8ac\" data-element_type=\"section\" data-e-type=\"section\">\n\t\t\t\t\t\t<div class=\"elementor-container elementor-column-gap-default\">\n\t\t\t\t\t<div class=\"elementor-column elementor-col-100 elementor-top-column elementor-element elementor-element-98c2b8d\" data-id=\"98c2b8d\" data-element_type=\"column\" data-e-type=\"column\">\n\t\t\t<div class=\"elementor-widget-wrap elementor-element-populated\">\n\t\t\t\t\t\t<div class=\"elementor-element elementor-element-7ecca67 elementor-widget elementor-widget-text-editor\" data-id=\"7ecca67\" data-element_type=\"widget\" data-e-type=\"widget\" data-widget_type=\"text-editor.default\">\n\t\t\t\t<div class=\"elementor-widget-container\">\n\t\t\t\t\t\t\t\t\t<p style=\"text-align: center;\">Unser Partnerprogramm belohnt dich daf\u00fcr, dass du unser Plugin weiterempfiehlst.<\/p><p style=\"text-align: center;\">\u00a0Egal, ob du Blogger, Content Creator oder einfach jemand mit einem starken Netzwerk bist \u2013 du kannst sofort anfangen, mit uns Geld zu verdienen.<\/p><p style=\"text-align: center;\">Verdiene Provisionen, indem du teilst, was dir gef\u00e4llt: F\u00fcr jeden neuen Kunden, den du auf unsere Pro-Version verweist, erh\u00e4ltst du eine Provision <b>von 10% auf den Pro-Preis.<\/b><\/p>\t\t\t\t\t\t\t\t<\/div>\n\t\t\t\t<\/div>\n\t\t\t\t<div class=\"elementor-element elementor-element-6782caa elementor-widget elementor-widget-text-editor\" data-id=\"6782caa\" data-element_type=\"widget\" data-e-type=\"widget\" data-widget_type=\"text-editor.default\">\n\t\t\t\t<div class=\"elementor-widget-container\">\n\t\t\t\t\t\t\t\t\t<p style=\"text-align: center;\">W<b>Hast du Lust mit uns zu arbeiten?<\/b><\/p><p style=\"text-align: center;\">Wie kannst du mitmachen?\nGanz einfach \u2013 schick uns eine E-Mail an\u00a0<a style=\"background-color: #ffffff;\" href=\"mailto:contact@internal-links-manager.com?subject=Affiliate%20Program\" target=\"_blank\" rel=\"noopener\">contact@internal-links-manager.com<\/a><\/p><p style=\"text-align: center;\">We will add you to our partner program and you will receive an email with all the important information and your affiliate <a href=\"https:\/\/internal-links-manager.com\/de\/was-ist-mit-linkbuilding\/\" data-internallinksmanager029f6b8e52c=\"146\" title=\"Was ist mit Linkbuilding?\">link<\/a>.<br \/>Jetzt bist du dran \u2013 teile den Link auf deiner Website, in deinem Newsletter oder in den sozialen Medien mit deinen Nutzern und Followern.<br \/>F\u00fcr jede erfolgreiche Empfehlung eines Upgrades auf die Pro-Version (gilt nur f\u00fcr Neukunden) erh\u00e4ltst du 10 % des Pro-Abonnementpreises.\nDie Abrechnung erfolgt am Monatsende.<\/p><p style=\"text-align: center;\"><strong>Wer kann mitmachen?<\/strong><br \/><strong>Unser Programm ist f\u00fcr jeden:<\/strong><\/p><ul style=\"text-align: center;\"><li>Betreiber  eine Website, einen Blog oder einen Newsletter.<\/li><li>Content Creator auf YouTube, TikTok, Instagram oder anderen Plattformen.<\/li><li>Hat eine engagierte Community und m\u00f6chte sie monetarisieren.<\/li><\/ul><p style=\"text-align: center;\">Bitte habe Verst\u00e4ndnis daf\u00fcr, dass wir uns das Recht vorbehalten, ungeeignete Partner abzulehnen.<\/p>\t\t\t\t\t\t\t\t<\/div>\n\t\t\t\t<\/div>\n\t\t\t\t\t<\/div>\n\t\t<\/div>\n\t\t\t\t\t<\/div>\n\t\t<\/section>\n\t\t\t\t<\/div>","protected":false},"excerpt":{"rendered":"<p>Join our affiliate programm Our affiliate program rewards you for recommending our plugin. \u00a0Whether you&#8217;re a blogger, content creator, or just someone with a strong network, you can start earning right away. Earn commissions by sharing what you like: For every new customer you refer to our Pro version, you&#8217;ll earn a 10% commission. Would [&hellip;]<\/p>\n","protected":false},"author":4,"featured_media":0,"parent":0,"menu_order":0,"comment_status":"closed","ping_status":"closed","template":"","meta":{"footnotes":""},"class_list":["post-1436","page","type-page","status-publish","hentry"],"_links":{"self":[{"href":"https:\/\/internal-links-manager.com\/de\/wp-json\/wp\/v2\/pages\/1436","targetHints":{"allow":["GET"]}}],"collection":[{"href":"https:\/\/internal-links-manager.com\/de\/wp-json\/wp\/v2\/pages"}],"about":[{"href":"https:\/\/internal-links-manager.com\/de\/wp-json\/wp\/v2\/types\/page"}],"author":[{"embeddable":true,"href":"https:\/\/internal-links-manager.com\/de\/wp-json\/wp\/v2\/users\/4"}],"replies":[{"embeddable":true,"href":"https:\/\/internal-links-manager.com\/de\/wp-json\/wp\/v2\/comments?post=1436"}],"version-history":[{"count":13,"href":"https:\/\/internal-links-manager.com\/de\/wp-json\/wp\/v2\/pages\/1436\/revisions"}],"predecessor-version":[{"id":1501,"href":"https:\/\/internal-links-manager.com\/de\/wp-json\/wp\/v2\/pages\/1436\/revisions\/1501"}],"wp:attachment":[{"href":"https:\/\/internal-links-manager.com\/de\/wp-json\/wp\/v2\/media?parent=1436"}],"curies":[{"name":"wp","href":"https:\/\/api.w.org\/{rel}","templated":true}]}}